{"id":1497,"date":"2020-06-04T08:45:09","date_gmt":"2020-06-04T06:45:09","guid":{"rendered":"https:\/\/www.agpfishquality.com\/quienes-somos\/"},"modified":"2024-09-30T17:43:00","modified_gmt":"2024-09-30T15:43:00","slug":"about-us","status":"publish","type":"page","link":"https:\/\/www.agpfishquality.com\/en\/about-us\/","title":{"rendered":"About us"},"content":{"rendered":"<div class=\"wpb-content-wrapper\"><p>[vc_row wrap_container=&#8221;yes&#8221; css=&#8221;.vc_custom_1660882585786{margin-top: 15px !important;padding-top: 48px !important;padding-bottom: 62px !important;}&#8221; conditional_render=&#8221;%5B%7B%22value_role%22%3A%22administrator%22%7D%5D&#8221;][vc_column][vc_row_inner][vc_column_inner][vc_single_image image=&#8221;1613&#8243; img_size=&#8221;full&#8221; css=&#8221;&#8221; animation_type=&#8221;fadeInLeft&#8221;][\/vc_column_inner][\/vc_row_inner][vc_custom_heading text=&#8221;We are a multidisciplinary team of professionals with degrees in <b>Biology and Marine Science<\/b> and <b>specialized in the safety and quality of fishery and aquaculture products<\/b>&#8221; font_container=&#8221;tag:p|font_size:1.2em|text_align:left|line_height:1.9&#8243; use_theme_fonts=&#8221;yes&#8221; css=&#8221;.vc_custom_1727506470190{margin-bottom: 23px !important;}&#8221;][vc_row_inner content_placement=&#8221;middle&#8221;][vc_column_inner offset=&#8221;vc_col-md-6&#8243;][vc_custom_heading text=&#8221;Working with AGP FISH QUALITY you will always have a team of professionals with extensive experience in consulting and training applied to quality and food safety. By contracting services with us you will have a guaranteed team:&#8221; font_container=&#8221;tag:p|text_align:left|line_height:1.8em&#8221; use_theme_fonts=&#8221;yes&#8221;]<style>#porto-info-list9381233926a05794e57ee7 i { color: #e8465f;font-size: 14px; }<\/style><ul id=\"porto-info-list9381233926a05794e57ee7\" class=\"porto-info-list m-b-xl wpb_custom_605e968d34621e6df4dfcffa2eeb43cc\"><li class=\"porto-info-list-item p-b-sm wpb_custom_eade0171093a7591372ccf9372738e3d\"><i class=\"porto-info-icon fas fa-check\"><\/i><div class=\"porto-info-list-item-desc\">With vocation for the work to be performed.<\/div><\/li><li class=\"porto-info-list-item p-b-sm wpb_custom_eade0171093a7591372ccf9372738e3d\"><i class=\"porto-info-icon fas fa-check\"><\/i><div class=\"porto-info-list-item-desc\">Commitment to a Positive Culture of Food and Product Safety.<\/div><\/li><li class=\"porto-info-list-item pb-0 wpb_custom_eade0171093a7591372ccf9372738e3d\"><i class=\"porto-info-icon fas fa-check\"><\/i><div class=\"porto-info-list-item-desc\">With conviction, encouraging continuous improvement as a basic principle.<\/div><\/li><\/ul><div class=\"porto-animation d-flex align-items-center justify-content-start m-b-md\"  data-appear-animation=\"fadeIn\" data-appear-animation-delay=\"700\">[vc_pie value=&#8221;97&#8243; size=&#8221;175&#8243; speed=&#8221;2500&#8243; line=&#8221;14&#8243; units=&#8221;%&#8221; el_class=&#8221;mb-1&#8243; value_porto_typography=&#8221;{&#8220;family&#8220;:&#8220;Default&#8220;,&#8220;variant&#8220;:&#8220;600&#8220;,&#8220;font_size&#8220;:&#8220;22px&#8220;,&#8220;line_height&#8220;:&#8220;&#8220;,&#8220;letter_spacing&#8220;:&#8220;0px&#8220;,&#8220;text_transform&#8220;:&#8220;&#8220;}&#8221; value_color=&#8221;#222529&#8243;][vc_custom_heading text=&#8221;Satisfied customers over<br \/>\n20 years of work&#8221; font_container=&#8221;tag:h5|font_size:1.4em|text_align:left|line_height:1.4&#8243; use_theme_fonts=&#8221;yes&#8221; font_weight=&#8221;700&#8243; skin=&#8221;dark&#8221; el_class=&#8221;ms-3 mb-1&#8243;]<\/div>[\/vc_column_inner][vc_column_inner offset=&#8221;vc_col-md-6&#8243;][vc_single_image image=&#8221;1640&#8243; img_size=&#8221;full&#8221; css=&#8221;&#8221; label=&#8221;&#8221;][\/vc_column_inner][\/vc_row_inner][\/vc_column][\/vc_row][vc_row no_padding=&#8221;yes&#8221; css=&#8221;.vc_custom_1727435692398{margin-bottom: 50px !important;}&#8221; conditional_render=&#8221;%5B%7B%22value_role%22%3A%22administrator%22%7D%5D&#8221;][vc_column width=&#8221;1\/2&#8243; is_half=&#8221;yes&#8221; is_half_right=&#8221;yes&#8221; css=&#8221;.vc_custom_1727435668780{padding-top: 4.375rem !important;padding-bottom: 4.375rem !important;background-color: #00a0e3 !important;}&#8221; conditional_render=&#8221;%5B%7B%22value_role%22%3A%22administrator%22%7D%5D&#8221; half_css=&#8221;pe-md-4 ps-md-5 me-md-1&#8243;][vc_custom_heading text=&#8221;SERVICE GUARANTEE&#8221; font_container=&#8221;tag:h2|font_size:15px|text_align:left|line_height:27px&#8221; use_theme_fonts=&#8221;yes&#8221; font_weight=&#8221;600&#8243; skin=&#8221;light&#8221; letter_spacing=&#8221;0&#8243; show_border=&#8221;yes&#8221; border_skin=&#8221;primary&#8221; border_type=&#8221;middle-border-reverse&#8221; border_size=&#8221;custom&#8221; animation_delay=&#8221;100&#8243; el_class=&#8221;mb-1&#8243; animation_type=&#8221;fadeInLeft&#8221; border_size_px=&#8221;4&#8243; border_spacing=&#8221;{&#8220;xl&#8220;:&#8220;10&#8220;,&#8220;unit&#8220;:&#8220;&#8220;,&#8220;xs&#8220;:&#8220;&#8220;,&#8220;sm&#8220;:&#8220;&#8220;,&#8220;md&#8220;:&#8220;&#8220;,&#8220;lg&#8220;:&#8220;&#8220;}&#8221;][vc_custom_heading text=&#8221;Custom projects&#8221; font_container=&#8221;tag:h2|font_size:30px|text_align:left|line_height:normal&#8221; use_theme_fonts=&#8221;yes&#8221; font_weight=&#8221;700&#8243; skin=&#8221;light&#8221; letter_spacing=&#8221;-1.5px&#8221; animation_delay=&#8221;200&#8243; el_class=&#8221;mb-2&#8243; animation_type=&#8221;fadeInLeft&#8221;][vc_custom_heading text=&#8221;Describe your needs or your project to us. We prepare an adjusted and detailed plan.<br \/>\nWe start the project and finish it on time and satisfactorily.&#8221; font_container=&#8221;tag:p|text_align:left|color:rgba(255%2C255%2C255%2C0.7)&#8221; use_theme_fonts=&#8221;yes&#8221; animation_delay=&#8221;300&#8243; el_class=&#8221;pt-3 mb-0&#8243; animation_type=&#8221;fadeInLeft&#8221;][\/vc_column][vc_column width=&#8221;1\/2&#8243; is_half=&#8221;yes&#8221; el_class=&#8221;background-color-primary&#8221; css=&#8221;.vc_custom_1660884659307{padding-top: 4.375rem !important;padding-bottom: 4.375rem !important;background-color: #e52f4b !important;}&#8221; conditional_render=&#8221;%5B%7B%22value_role%22%3A%22administrator%22%7D%5D&#8221; half_css=&#8221;ps-md-4 pe-md-5 ms-md-1&#8243;][vc_custom_heading text=&#8221;CONSULTING AND TRAINING&#8221; font_container=&#8221;tag:h2|font_size:15px|text_align:right|line_height:27px&#8221; use_theme_fonts=&#8221;yes&#8221; font_weight=&#8221;600&#8243; skin=&#8221;light&#8221; letter_spacing=&#8221;0&#8243; show_border=&#8221;yes&#8221; border_skin=&#8221;secondary&#8221; border_type=&#8221;middle-border&#8221; border_size=&#8221;custom&#8221; animation_delay=&#8221;100&#8243; el_class=&#8221;mb-1&#8243; animation_type=&#8221;fadeInRight&#8221; border_size_px=&#8221;4&#8243; border_spacing=&#8221;{&#8220;xl&#8220;:&#8220;10&#8220;,&#8220;unit&#8220;:&#8220;&#8220;,&#8220;xs&#8220;:&#8220;&#8220;,&#8220;sm&#8220;:&#8220;&#8220;,&#8220;md&#8220;:&#8220;&#8220;,&#8220;lg&#8220;:&#8220;&#8220;}&#8221;][vc_custom_heading text=&#8221;Experienced team&#8221; font_container=&#8221;tag:h2|font_size:30px|text_align:right|line_height:normal&#8221; use_theme_fonts=&#8221;yes&#8221; font_weight=&#8221;700&#8243; skin=&#8221;light&#8221; letter_spacing=&#8221;-1.5px&#8221; animation_delay=&#8221;200&#8243; el_class=&#8221;mb-2&#8243; animation_type=&#8221;fadeInRight&#8221;][vc_custom_heading text=&#8221;Our experience over the years allows us to offer you a wide range of services in the field of safety and quality of fishing and aquaculture products.&#8221; font_container=&#8221;tag:p|text_align:right|color:rgba(255%2C255%2C255%2C0.7)&#8221; use_theme_fonts=&#8221;yes&#8221; animation_delay=&#8221;300&#8243; el_class=&#8221;pt-3 mb-0&#8243; animation_type=&#8221;fadeInRight&#8221;][\/vc_column][\/vc_row][vc_row wrap_container=&#8221;yes&#8221; content_placement=&#8221;middle&#8221; disable_element=&#8221;yes&#8221; el_class=&#8221;py-5&#8243; css=&#8221;.vc_custom_1727435451022{margin-top: 15px !important;}&#8221; conditional_render=&#8221;%5B%7B%22value_role%22%3A%22administrator%22%7D%5D&#8221;][vc_column el_class=&#8221;pb-4 pb-lg-0&#8243; offset=&#8221;vc_col-md-5&#8243; css=&#8221;.vc_custom_1660886914092{padding-bottom: 15px !important;}&#8221; conditional_render=&#8221;%5B%7B%22value_role%22%3A%22administrator%22%7D%5D&#8221;][vc_single_image image=&#8221;1030&#8243; img_size=&#8221;full&#8221; onclick=&#8221;custom_link&#8221; img_link_target=&#8221;_blank&#8221; link=&#8221;\/wp-content\/uploads\/2024\/02\/Codigo-Deontologico-colegio-biologos.pdf&#8221;][\/vc_column][vc_column offset=&#8221;vc_col-md-7&#8243;][vc_custom_heading text=&#8221;Adem\u00e1s de nuestra licenciatura, tenemos formaci\u00f3n acreditada en:&#8221; font_container=&#8221;tag:p|font_size:1.2em|text_align:left|line_height:1.9&#8243; use_theme_fonts=&#8221;yes&#8221; animation_delay=&#8221;100&#8243; animation_type=&#8221;fadeIn&#8221;][vc_column_text]<\/p>\n<ul>\n<li>Estudios Avanzados e Investigaci\u00f3n en Biolog\u00eda Marina y Acuicultura.<\/li>\n<li>Ciencia y Tecnolog\u00eda de Conservaci\u00f3n de Productos de la Pesca y de la Acuicultura.<\/li>\n<li>Formaci\u00f3n para la Conseller\u00eda de Pesca e Asuntos Mar\u00edtimos de la Xunta de Galicia.<\/li>\n<li>Econom\u00eda y Gesti\u00f3n de Productos de la Pesca y de la Acuicultura.<\/li>\n<li>Controles Preventivos (PCQI) para la Alimentaci\u00f3n Humana de la FSPCA de EE. UU.<\/li>\n<li>APPCC \/ HACCP.<\/li>\n<li>Est\u00e1ndares IFS, buenas pr\u00e1cticas de auditor\u00eda IFS y curso superior especializado en auditor\u00edas IFS.<\/li>\n<li>Est\u00e1ndares BRC, ISO 22000, ISO 17020, ISO 9001.<\/li>\n<li>Auditor Jefe IRCA para la Certificaci\u00f3n de Sistemas de Gesti\u00f3n de Seguridad Alimentaria.<\/li>\n<li>Sabotaje Alimentario \/ Food Defense.<\/li>\n<li>Auditor MSC CoC.<\/li>\n<li>Cultura de la Seguridad Alimentaria y de Producto.<\/li>\n<li>Calibraci\u00f3n de Equipos.<\/li>\n<li>Patr\u00f3n Costeiro Polivalente, lucha contra Incendios y Salvamento y Supervivencia en el Mar.<\/li>\n<li>Administraci\u00f3n integrada de empresas y Responsabilidad Social Corporativa.<\/li>\n<li>Docencia en formaci\u00f3n profesional.<\/li>\n<\/ul>\n<p>[\/vc_column_text][\/vc_column][\/vc_row]<\/p>\n<\/div>","protected":false},"excerpt":{"rendered":"<p>[vc_row wrap_container=&#8221;yes&#8221; css=&#8221;.vc_custom_1660882585786{margin-top: 15px !important;padding-top: 48px !important;padding-bottom: 62px !important;}&#8221; conditional_render=&#8221;%5B%7B%22value_role%22%3A%22administrator%22%7D%5D&#8221;][vc_column][vc_row_inner][vc_column_inner][vc_single_image image=&#8221;1613&#8243; img_size=&#8221;full&#8221; css=&#8221;&#8221; animation_type=&#8221;fadeInLeft&#8221;][\/vc_column_inner][\/vc_row_inner][vc_custom_heading text=&#8221;We are a multidisciplinary team of professionals with degrees in Biology and Marine Science and specialized in the safety and quality of fishery and aquaculture products&#8221; font_container=&#8221;tag:p|font_size:1.2em|text_align:left|line_height:1.9&#8243; use_theme_fonts=&#8221;yes&#8221; css=&#8221;.vc_custom_1727506470190{margin-bottom: 23px !important;}&#8221;][vc_row_inner content_placement=&#8221;middle&#8221;][vc_column_inner offset=&#8221;vc_col-md-6&#8243;][vc_custom_heading text=&#8221;Working with AGP FISH QUALITY you will always [&hellip;]<\/p>\n","protected":false},"author":1,"featured_media":0,"parent":0,"menu_order":0,"comment_status":"closed","ping_status":"closed","template":"","meta":{"_acf_changed":false,"footnotes":""},"class_list":["post-1497","page","type-page","status-publish","hentry"],"acf":[],"yoast_head":"<!-- This site is optimized with the Yoast SEO plugin v23.5 - https:\/\/yoast.com\/wordpress\/plugins\/seo\/ -->\n<title>&#039;AGP Fish Quality&#039; Calidad e Inocuidad en Pesca-Acuicultura<\/title>\n<meta name=\"description\" content=\"Somos una consultora de Calidad e Inocuidad alimentaria especializada en Pesca y Acuicultura. Auditor\u00edas de calidad, APPCC, trazabilidad, ecoestiquetas o Food Defense\" \/>\n<meta name=\"robots\" content=\"index, follow, max-snippet:-1, max-image-preview:large, max-video-preview:-1\" \/>\n<link rel=\"canonical\" href=\"https:\/\/www.agpfishquality.com\/en\/about-us\/\" \/>\n<meta property=\"og:locale\" content=\"en_US\" \/>\n<meta property=\"og:type\" content=\"article\" \/>\n<meta property=\"og:title\" content=\"&#039;AGP Fish Quality&#039; Calidad e Inocuidad en Pesca-Acuicultura\" \/>\n<meta property=\"og:description\" content=\"Somos una consultora de Calidad e Inocuidad alimentaria especializada en Pesca y Acuicultura. Auditor\u00edas de calidad, APPCC, trazabilidad, ecoestiquetas o Food Defense\" \/>\n<meta property=\"og:url\" content=\"https:\/\/www.agpfishquality.com\/en\/about-us\/\" \/>\n<meta property=\"og:site_name\" content=\"Agp\" \/>\n<meta property=\"article:modified_time\" content=\"2024-09-30T15:43:00+00:00\" \/>\n<meta name=\"twitter:card\" content=\"summary_large_image\" \/>\n<meta name=\"twitter:site\" content=\"@agpfishquality\" \/>\n<meta name=\"twitter:label1\" content=\"Est. reading time\" \/>\n\t<meta name=\"twitter:data1\" content=\"3 minutes\" \/>\n<script type=\"application\/ld+json\" class=\"yoast-schema-graph\">{\"@context\":\"https:\/\/schema.org\",\"@graph\":[{\"@type\":\"WebPage\",\"@id\":\"https:\/\/www.agpfishquality.com\/en\/about-us\/\",\"url\":\"https:\/\/www.agpfishquality.com\/en\/about-us\/\",\"name\":\"'AGP Fish Quality' Calidad e Inocuidad en Pesca-Acuicultura\",\"isPartOf\":{\"@id\":\"https:\/\/www.agpfishquality.com\/en\/#website\"},\"datePublished\":\"2020-06-04T06:45:09+00:00\",\"dateModified\":\"2024-09-30T15:43:00+00:00\",\"description\":\"Somos una consultora de Calidad e Inocuidad alimentaria especializada en Pesca y Acuicultura. Auditor\u00edas de calidad, APPCC, trazabilidad, ecoestiquetas o Food Defense\",\"breadcrumb\":{\"@id\":\"https:\/\/www.agpfishquality.com\/en\/about-us\/#breadcrumb\"},\"inLanguage\":\"en-US\",\"potentialAction\":[{\"@type\":\"ReadAction\",\"target\":[\"https:\/\/www.agpfishquality.com\/en\/about-us\/\"]}]},{\"@type\":\"BreadcrumbList\",\"@id\":\"https:\/\/www.agpfishquality.com\/en\/about-us\/#breadcrumb\",\"itemListElement\":[{\"@type\":\"ListItem\",\"position\":1,\"name\":\"Portada\",\"item\":\"https:\/\/www.agpfishquality.com\/en\/\"},{\"@type\":\"ListItem\",\"position\":2,\"name\":\"About us\"}]},{\"@type\":\"WebSite\",\"@id\":\"https:\/\/www.agpfishquality.com\/en\/#website\",\"url\":\"https:\/\/www.agpfishquality.com\/en\/\",\"name\":\"Consultor\u00eda de Calidad e Inocuidad para la Pesca y Acuicultura AGP FISH QUALITY\",\"description\":\"\",\"publisher\":{\"@id\":\"https:\/\/www.agpfishquality.com\/en\/#organization\"},\"potentialAction\":[{\"@type\":\"SearchAction\",\"target\":{\"@type\":\"EntryPoint\",\"urlTemplate\":\"https:\/\/www.agpfishquality.com\/en\/?s={search_term_string}\"},\"query-input\":{\"@type\":\"PropertyValueSpecification\",\"valueRequired\":true,\"valueName\":\"search_term_string\"}}],\"inLanguage\":\"en-US\"},{\"@type\":\"Organization\",\"@id\":\"https:\/\/www.agpfishquality.com\/en\/#organization\",\"name\":\"AGP FISH QUALITY\",\"url\":\"https:\/\/www.agpfishquality.com\/en\/\",\"logo\":{\"@type\":\"ImageObject\",\"inLanguage\":\"en-US\",\"@id\":\"https:\/\/www.agpfishquality.com\/en\/#\/schema\/logo\/image\/\",\"url\":\"https:\/\/www.agpfishquality.com\/wp-content\/uploads\/2024\/02\/logo-agp-fish-quality-2018.png\",\"contentUrl\":\"https:\/\/www.agpfishquality.com\/wp-content\/uploads\/2024\/02\/logo-agp-fish-quality-2018.png\",\"width\":1346,\"height\":758,\"caption\":\"AGP FISH QUALITY\"},\"image\":{\"@id\":\"https:\/\/www.agpfishquality.com\/en\/#\/schema\/logo\/image\/\"},\"sameAs\":[\"https:\/\/x.com\/agpfishquality\",\"https:\/\/www.linkedin.com\/company\/agp-fishquality\"]}]}<\/script>\n<!-- \/ Yoast SEO plugin. -->","yoast_head_json":{"title":"'AGP Fish Quality' Calidad e Inocuidad en Pesca-Acuicultura","description":"Somos una consultora de Calidad e Inocuidad alimentaria especializada en Pesca y Acuicultura. Auditor\u00edas de calidad, APPCC, trazabilidad, ecoestiquetas o Food Defense","robots":{"index":"index","follow":"follow","max-snippet":"max-snippet:-1","max-image-preview":"max-image-preview:large","max-video-preview":"max-video-preview:-1"},"canonical":"https:\/\/www.agpfishquality.com\/en\/about-us\/","og_locale":"en_US","og_type":"article","og_title":"'AGP Fish Quality' Calidad e Inocuidad en Pesca-Acuicultura","og_description":"Somos una consultora de Calidad e Inocuidad alimentaria especializada en Pesca y Acuicultura. Auditor\u00edas de calidad, APPCC, trazabilidad, ecoestiquetas o Food Defense","og_url":"https:\/\/www.agpfishquality.com\/en\/about-us\/","og_site_name":"Agp","article_modified_time":"2024-09-30T15:43:00+00:00","twitter_card":"summary_large_image","twitter_site":"@agpfishquality","twitter_misc":{"Est. reading time":"3 minutes"},"schema":{"@context":"https:\/\/schema.org","@graph":[{"@type":"WebPage","@id":"https:\/\/www.agpfishquality.com\/en\/about-us\/","url":"https:\/\/www.agpfishquality.com\/en\/about-us\/","name":"'AGP Fish Quality' Calidad e Inocuidad en Pesca-Acuicultura","isPartOf":{"@id":"https:\/\/www.agpfishquality.com\/en\/#website"},"datePublished":"2020-06-04T06:45:09+00:00","dateModified":"2024-09-30T15:43:00+00:00","description":"Somos una consultora de Calidad e Inocuidad alimentaria especializada en Pesca y Acuicultura. Auditor\u00edas de calidad, APPCC, trazabilidad, ecoestiquetas o Food Defense","breadcrumb":{"@id":"https:\/\/www.agpfishquality.com\/en\/about-us\/#breadcrumb"},"inLanguage":"en-US","potentialAction":[{"@type":"ReadAction","target":["https:\/\/www.agpfishquality.com\/en\/about-us\/"]}]},{"@type":"BreadcrumbList","@id":"https:\/\/www.agpfishquality.com\/en\/about-us\/#breadcrumb","itemListElement":[{"@type":"ListItem","position":1,"name":"Portada","item":"https:\/\/www.agpfishquality.com\/en\/"},{"@type":"ListItem","position":2,"name":"About us"}]},{"@type":"WebSite","@id":"https:\/\/www.agpfishquality.com\/en\/#website","url":"https:\/\/www.agpfishquality.com\/en\/","name":"Consultor\u00eda de Calidad e Inocuidad para la Pesca y Acuicultura AGP FISH QUALITY","description":"","publisher":{"@id":"https:\/\/www.agpfishquality.com\/en\/#organization"},"potentialAction":[{"@type":"SearchAction","target":{"@type":"EntryPoint","urlTemplate":"https:\/\/www.agpfishquality.com\/en\/?s={search_term_string}"},"query-input":{"@type":"PropertyValueSpecification","valueRequired":true,"valueName":"search_term_string"}}],"inLanguage":"en-US"},{"@type":"Organization","@id":"https:\/\/www.agpfishquality.com\/en\/#organization","name":"AGP FISH QUALITY","url":"https:\/\/www.agpfishquality.com\/en\/","logo":{"@type":"ImageObject","inLanguage":"en-US","@id":"https:\/\/www.agpfishquality.com\/en\/#\/schema\/logo\/image\/","url":"https:\/\/www.agpfishquality.com\/wp-content\/uploads\/2024\/02\/logo-agp-fish-quality-2018.png","contentUrl":"https:\/\/www.agpfishquality.com\/wp-content\/uploads\/2024\/02\/logo-agp-fish-quality-2018.png","width":1346,"height":758,"caption":"AGP FISH QUALITY"},"image":{"@id":"https:\/\/www.agpfishquality.com\/en\/#\/schema\/logo\/image\/"},"sameAs":["https:\/\/x.com\/agpfishquality","https:\/\/www.linkedin.com\/company\/agp-fishquality"]}]}},"_links":{"self":[{"href":"https:\/\/www.agpfishquality.com\/en\/wp-json\/wp\/v2\/pages\/1497","targetHints":{"allow":["GET"]}}],"collection":[{"href":"https:\/\/www.agpfishquality.com\/en\/wp-json\/wp\/v2\/pages"}],"about":[{"href":"https:\/\/www.agpfishquality.com\/en\/wp-json\/wp\/v2\/types\/page"}],"author":[{"embeddable":true,"href":"https:\/\/www.agpfishquality.com\/en\/wp-json\/wp\/v2\/users\/1"}],"replies":[{"embeddable":true,"href":"https:\/\/www.agpfishquality.com\/en\/wp-json\/wp\/v2\/comments?post=1497"}],"version-history":[{"count":9,"href":"https:\/\/www.agpfishquality.com\/en\/wp-json\/wp\/v2\/pages\/1497\/revisions"}],"predecessor-version":[{"id":1642,"href":"https:\/\/www.agpfishquality.com\/en\/wp-json\/wp\/v2\/pages\/1497\/revisions\/1642"}],"wp:attachment":[{"href":"https:\/\/www.agpfishquality.com\/en\/wp-json\/wp\/v2\/media?parent=1497"}],"curies":[{"name":"wp","href":"https:\/\/api.w.org\/{rel}","templated":true}]}}